{"id":15,"date":"2026-05-12T22:06:16","date_gmt":"2026-05-12T20:06:16","guid":{"rendered":"http:\/\/appswikidroid.win\/?page_id=15"},"modified":"2026-05-13T22:40:16","modified_gmt":"2026-05-13T20:40:16","slug":"pagina-de-entrada-rss","status":"publish","type":"page","link":"http:\/\/appswikidroid.win\/index.php\/pagina-de-entrada-rss\/","title":{"rendered":"Noticias Costa Tropical"},"content":{"rendered":"<div class=\"feedzy-56c047dadbe403033bca97764405cd17 feedzy-rss\"><div class=\"rss_header\"><h2><a href=\"http:\/\/www.ideal.es\/\" class=\"rss_title\" rel=\"noopener\">RSS de noticias de \/granada\/costa<\/a> <span class=\"rss_description\"> Toda la actualidad de \u00faltima hora en la Costa Tropical de Granada. Noticias de lo que acontece en Motril, Almu\u00f1\u00e9car, Salobre\u00f1a y resto del litoral granadino.<\/span><\/h2><\/div><ul><li  style=\"padding: 15px 0 25px\" class=\"rss_item\"><div class=\"rss_image\" style=\"height:150px;width:150px;\"><a href=\"https:\/\/www.ideal.es\/granada\/costa\/marea-cruceristas-llena-vida-calles-motril-20260514210723-nt.html\" target=\"_blank\" rel=\" noopener\" title=\"Una marea de cruceristas llena de vida las calles de Motril\" style=\"height:150px;width:150px;\"><img decoding=\"async\" src=\"https:\/\/s2.ppllstatics.com\/ideal\/www\/multimedia\/2026\/05\/14\/cruceristas-motril-RsNhumlKOaKgdj7En6MJxvL-758x531@Ideal.jpeg\" title=\"Una marea de cruceristas llena de vida las calles de Motril\" style=\"height:150px;width:150px;\"><\/a><\/div><span class=\"title\"><a href=\"https:\/\/www.ideal.es\/granada\/costa\/marea-cruceristas-llena-vida-calles-motril-20260514210723-nt.html\" target=\"_blank\" rel=\" noopener\">Una marea de cruceristas llena de vida las calles de Motril<\/a><\/span><div class=\"rss_content\" style=\"\"><small>por <a href=\"\/\/www.ideal.es\" target=\"_blank\" title=\"www.ideal.es\">MJ Arrebola<\/a> en 13 de mayo de 2026 a las 21:45 <\/small><p>El peque\u00f1o comercio y la hosteler\u00eda destacan el impacto positivo de las escalas, que atraen a visitantes de todo el mundo y ayudan a dinamizar el econom\u00eda de la ciudad<\/p><\/div><\/li><li  style=\"padding: 15px 0 25px\" class=\"rss_item\"><div class=\"rss_image\" style=\"height:150px;width:150px;\"><a href=\"https:\/\/www.ideal.es\/granada\/costa\/motril-encadena-dos-grandes-noches-fiesta-urbana-20260513122946-nt.html\" target=\"_blank\" rel=\" noopener\" title=\"Motril encadena dos grandes noches de fiesta urbana y remember en la Plaza de Toros\" style=\"height:150px;width:150px;\"><img decoding=\"async\" src=\"https:\/\/s2.ppllstatics.com\/ideal\/www\/multimedia\/2026\/05\/13\/66392083_2408324792585561_8030849361820778496_n-RMmAU1LfeYjt50gzWVaERJI-758x531@Ideal.jpg\" title=\"Motril encadena dos grandes noches de fiesta urbana y remember en la Plaza de Toros\" style=\"height:150px;width:150px;\"><\/a><\/div><span class=\"title\"><a href=\"https:\/\/www.ideal.es\/granada\/costa\/motril-encadena-dos-grandes-noches-fiesta-urbana-20260513122946-nt.html\" target=\"_blank\" rel=\" noopener\">Motril encadena dos grandes noches de fiesta urbana y remember en la Plaza de Toros<\/a><\/span><div class=\"rss_content\" style=\"\"><small>por <a href=\"\/\/www.ideal.es\" target=\"_blank\" title=\"www.ideal.es\">IDEAL<\/a> en 13 de mayo de 2026 a las 10:30 <\/small><p>Q'L\u00cdO! Crazy Party y 90's &amp; 2MIL reunir\u00e1n los d\u00edas 29 y 30 de mayo a nombres como Kiko Rivera, DJ Valdi, Javi Boss o Jerry Daley<\/p><\/div><\/li><li  style=\"padding: 15px 0 25px\" class=\"rss_item\"><div class=\"rss_image\" style=\"height:150px;width:150px;\"><a href=\"https:\/\/www.ideal.es\/granada\/costa\/avanzan-buen-ritmo-obras-viviendas-protegidas-alquiler-20260513090107-nt.html\" target=\"_blank\" rel=\" noopener\" title=\"Avanzan a buen ritmo las obras de las 60 viviendas protegidas en alquiler de Almu\u00f1\u00e9car\" style=\"height:150px;width:150px;\"><img decoding=\"async\" src=\"https:\/\/s3.ppllstatics.com\/ideal\/www\/multimedia\/2026\/05\/13\/almunecar-vivienda-kBKI-U202251139725qTF-758x531@Ideal.jpeg\" title=\"Avanzan a buen ritmo las obras de las 60 viviendas protegidas en alquiler de Almu\u00f1\u00e9car\" style=\"height:150px;width:150px;\"><\/a><\/div><span class=\"title\"><a href=\"https:\/\/www.ideal.es\/granada\/costa\/avanzan-buen-ritmo-obras-viviendas-protegidas-alquiler-20260513090107-nt.html\" target=\"_blank\" rel=\" noopener\">Avanzan a buen ritmo las obras de las 60 viviendas protegidas en alquiler de Almu\u00f1\u00e9car<\/a><\/span><div class=\"rss_content\" style=\"\"><small>por <a href=\"\/\/www.ideal.es\" target=\"_blank\" title=\"www.ideal.es\">Ideal<\/a> en 13 de mayo de 2026 a las 07:01 <\/small><p>Ruiz Joya ha visitado la actuaci\u00f3n, que contempla una inversi\u00f3n hist\u00f3rica superior a 16,4 millones de euros y la creaci\u00f3n de 160 plazas de aparcamiento<\/p><\/div><\/li><li  style=\"padding: 15px 0 25px\" class=\"rss_item\"><div class=\"rss_image\" style=\"height:150px;width:150px;\"><a href=\"https:\/\/www.ideal.es\/granada\/costa\/conos-vuelven-carretera-costa-junio-coincidiendo-regreso-20260512121034-nt.html\" target=\"_blank\" rel=\" noopener\" title=\"Los conos vuelven a la carretera de la Costa el 7 de junio coincidiendo con el regreso del puente del Corpus\" style=\"height:150px;width:150px;\"><img decoding=\"async\" src=\"https:\/\/s1.ppllstatics.com\/ideal\/www\/multimedia\/2026\/05\/12\/carrtera-costa-R5YbIOaamMlf9RYELYPXfJJ-758x531@Ideal.jpeg\" title=\"Los conos vuelven a la carretera de la Costa el 7 de junio coincidiendo con el regreso del puente del Corpus\" style=\"height:150px;width:150px;\"><\/a><\/div><span class=\"title\"><a href=\"https:\/\/www.ideal.es\/granada\/costa\/conos-vuelven-carretera-costa-junio-coincidiendo-regreso-20260512121034-nt.html\" target=\"_blank\" rel=\" noopener\">Los conos vuelven a la carretera de la Costa el 7 de junio coincidiendo con el regreso del puente del Corpus<\/a><\/span><div class=\"rss_content\" style=\"\"><small>por <a href=\"\/\/www.ideal.es\" target=\"_blank\" title=\"www.ideal.es\">MJ Arrebola<\/a> en 12 de mayo de 2026 a las 10:10 <\/small><p>Tr\u00e1fico desplegar\u00e1 el dispositivo de carril reversible que estar\u00e1 disponible todos los domingos de julio y agosto<\/p><\/div><\/li><li  style=\"padding: 15px 0 25px\" class=\"rss_item\"><div class=\"rss_image\" style=\"height:150px;width:150px;\"><a href=\"https:\/\/www.ideal.es\/granada\/costa\/herradura-estrena-parque-biosaludable-junto-chiringuito-bambu-20260512203406-nt.html\" target=\"_blank\" rel=\" noopener\" title=\"La Herradura estrena parque biosaludable junto al chiringuito Bamb\u00fa con una inversi\u00f3n de 20.000 euros\" style=\"height:150px;width:150px;\"><img decoding=\"async\" src=\"https:\/\/s2.ppllstatics.com\/ideal\/www\/multimedia\/2026\/05\/12\/parque-almunecar-RTv7TgL6tCXVOHNUCh7qveO-758x531@Ideal.jpeg\" title=\"La Herradura estrena parque biosaludable junto al chiringuito Bamb\u00fa con una inversi\u00f3n de 20.000 euros\" style=\"height:150px;width:150px;\"><\/a><\/div><span class=\"title\"><a href=\"https:\/\/www.ideal.es\/granada\/costa\/herradura-estrena-parque-biosaludable-junto-chiringuito-bambu-20260512203406-nt.html\" target=\"_blank\" rel=\" noopener\">La Herradura estrena parque biosaludable junto al chiringuito Bamb\u00fa con una inversi\u00f3n de 20.000 euros<\/a><\/span><div class=\"rss_content\" style=\"\"><small>por <a href=\"\/\/www.ideal.es\" target=\"_blank\" title=\"www.ideal.es\">MJ Arrebola<\/a> en 11 de mayo de 2026 a las 21:39 <\/small><p>El nuevo espacio, que se ha instalado sobre una plataforma accesible, refuerza la apuesta del municipio por una playa m\u00e1s inclusiva<\/p><\/div><\/li><\/ul> <\/div><style type=\"text\/css\" media=\"all\">.feedzy-rss .rss_item .rss_image{float:left;position:relative;border:none;text-decoration:none;max-width:100%}.feedzy-rss .rss_item .rss_image span{display:inline-block;position:absolute;width:100%;height:100%;background-position:50%;background-size:cover}.feedzy-rss .rss_item .rss_image{margin:.3em 1em 0 0;content-visibility:auto}.feedzy-rss ul{list-style:none}.feedzy-rss ul li{display:inline-block}<\/style>\n","protected":false},"excerpt":{"rendered":"","protected":false},"author":1,"featured_media":0,"parent":0,"menu_order":0,"comment_status":"closed","ping_status":"closed","template":"","meta":{"footnotes":""},"class_list":["post-15","page","type-page","status-publish","hentry","entry"],"_links":{"self":[{"href":"http:\/\/appswikidroid.win\/index.php\/wp-json\/wp\/v2\/pages\/15","targetHints":{"allow":["GET"]}}],"collection":[{"href":"http:\/\/appswikidroid.win\/index.php\/wp-json\/wp\/v2\/pages"}],"about":[{"href":"http:\/\/appswikidroid.win\/index.php\/wp-json\/wp\/v2\/types\/page"}],"author":[{"embeddable":true,"href":"http:\/\/appswikidroid.win\/index.php\/wp-json\/wp\/v2\/users\/1"}],"replies":[{"embeddable":true,"href":"http:\/\/appswikidroid.win\/index.php\/wp-json\/wp\/v2\/comments?post=15"}],"version-history":[{"count":6,"href":"http:\/\/appswikidroid.win\/index.php\/wp-json\/wp\/v2\/pages\/15\/revisions"}],"predecessor-version":[{"id":49,"href":"http:\/\/appswikidroid.win\/index.php\/wp-json\/wp\/v2\/pages\/15\/revisions\/49"}],"wp:attachment":[{"href":"http:\/\/appswikidroid.win\/index.php\/wp-json\/wp\/v2\/media?parent=15"}],"curies":[{"name":"wp","href":"https:\/\/api.w.org\/{rel}","templated":true}]}}